{"id":138,"date":"2021-04-09T02:00:20","date_gmt":"2021-04-09T02:00:20","guid":{"rendered":"http:\/\/tigrayunity.com\/?page_id=138"},"modified":"2022-02-10T19:17:04","modified_gmt":"2022-02-10T18:17:04","slug":"demos","status":"publish","type":"page","link":"https:\/\/tigrayunity.com\/en\/demos\/","title":{"rendered":"Demos"},"content":{"rendered":"<div class=\"wp-block-group\"><div class=\"wp-block-group__inner-container is-layout-flow wp-block-group-is-layout-flow\">\n<div class=\"wp-block-group\"><div class=\"wp-block-group__inner-container is-layout-flow wp-block-group-is-layout-flow\">\n<h3 class=\"wp-block-heading\" id=\"demonstration-zur-sicherheitskonferenz-in-munchen\">Demonstration zur <a href=\"https:\/\/www.muenchen.de\/veranstaltungen\/event\/8822.html\">Sicherheitskonferenz<\/a> in M\u00fcnchen<\/h3>\n\n\n\n<p><strong>18.02.-20.02.2022<\/strong><\/p>\n\n\n\n<p>Freitag: Wittelsbacherplatz von 8 \u2013 17:30 Uhr<\/p>\n\n\n\n<p>Samstag: Max-Joseph-Plats 9 \u2013 17:00<\/p>\n\n\n\n<p>Sonntag Wittelsbacherplatz 10:00 \u2013 17:00<\/p>\n\n\n\n<p>Demoflyer und Infobl\u00e4tter k\u00f6nnen <a href=\"https:\/\/tigrayunity.com\/en\/demo-flyer\/\">hier<\/a> runter geladen werden.<\/p>\n\n\n\n<p><\/p>\n\n\n\n<p><\/p>\n<\/div><\/div>\n<\/div><\/div>\n\n\n\n<h3 class=\"wp-block-heading\" id=\"demonstration-vor-dem-uno-hauptsitz-in-genf-schweiz\">Demonstration vor dem UNO Hauptsitz in Genf (Schweiz)<\/h3>\n\n\n\n<p>Um auf die humanit\u00e4re Situation in Tigray aufmerksam zu machen.<\/p>\n\n\n\n<p>Am <strong>13.09.2021 <\/strong>von <meta charset=\"utf-8\"><strong>10:00 &#8211; 17:00<\/strong>.<\/p>\n\n\n\n<figure class=\"wp-block-embed is-type-video is-provider-youtube wp-block-embed-youtube wp-embed-aspect-16-9 wp-has-aspect-ratio\"><div class=\"wp-block-embed__wrapper\">\n<div class=\"nv-iframe-embed\"><iframe loading=\"lazy\" title=\"Ansprache auf DeutschProtest against #TigrayGenocide Geneva Switzerland, September 13, 2021 \u1230\u120d\u134a \u1270\u1253\u12cd\u121e\" width=\"1200\" height=\"675\" src=\"https:\/\/www.youtube.com\/embed\/S4vxU-mA8cg?feature=oembed\" frameborder=\"0\" allow=\"accelerometer; autoplay; clipboard-write; encrypted-media; gyroscope; picture-in-picture\" allowfullscreen><\/iframe><\/div>\n<\/div><\/figure>\n\n\n\n<p><\/p>\n\n\n\n<p><\/p>\n\n\n\n<h3 class=\"wp-block-heading\" id=\"demonstration-vor-der-deutschen-welle-amharisch\">Demonstration vor der Deutschen Welle Amharisch<\/h3>\n\n\n\n<p>Um auf die Verantwortung von deutschen Medien, insbesondere der Deutschen Welle in Konfliktsituation aufmerksam zu machen.<\/p>\n\n\n\n<p><strong>In Bonn am 07. August 2021.<\/strong><\/p>\n\n\n\n<div class=\"wp-block-themeisle-blocks-advanced-columns has-1-columns has-desktop-equal-layout has-tablet-equal-layout has-mobile-equal-layout has-default-gap has-vertical-unset\" id=\"wp-block-themeisle-blocks-advanced-columns-d06c5c07\"><div class=\"wp-block-themeisle-blocks-advanced-columns-overlay\"><\/div><div class=\"innerblocks-wrap\">\n<div class=\"wp-block-themeisle-blocks-advanced-column\" id=\"wp-block-themeisle-blocks-advanced-column-ffd2b39f\">\n<figure class=\"wp-block-embed is-type-video is-provider-youtube wp-block-embed-youtube wp-embed-aspect-16-9 wp-has-aspect-ratio\"><div class=\"wp-block-embed__wrapper\">\n<div class=\"nv-iframe-embed\"><iframe loading=\"lazy\" title=\"Deutsch \u1293\u12ed \u1270\u1243\u12cd\u121e \u1230\u120b\u121b\u12ca \u1230\u120d\u134a \u12a3\u1265 \u1266\u1295 \u1300\u122d\u1218\u1295 \u12f6\u12ed\u127c \u126c\u120c   Demonstration gegen Deutschwelle Amharisch  in Bonn\" width=\"1200\" height=\"675\" src=\"https:\/\/www.youtube.com\/embed\/JfhBXHERNtw?feature=oembed\" frameborder=\"0\" allow=\"accelerometer; autoplay; clipboard-write; encrypted-media; gyroscope; picture-in-picture\" allowfullscreen><\/iframe><\/div>\n<\/div><\/figure>\n\n\n\n<p><\/p>\n\n\n\n<p><\/p>\n\n\n\n<h3 class=\"wp-block-heading\" id=\"demonstration-vor-der-chinesischen-und-russischen-botschaft\">Demonstration vor der Chinesischen und Russischen Botschaft<\/h3>\n\n\n\n<pre class=\"wp-block-preformatted\"><\/pre>\n\n\n\n<div class=\"wp-block-media-text alignwide is-stacked-on-mobile\"><figure class=\"wp-block-media-text__media\"><img loading=\"lazy\" decoding=\"async\" width=\"724\" height=\"1024\" src=\"http:\/\/tigrayunity.com\/wp-content\/uploads\/2021\/05\/WhatsApp-Image-2021-05-02-at-11.10.34-1-724x1024.jpeg\" alt=\"\" class=\"wp-image-340 size-full\" srcset=\"https:\/\/tigrayunity.com\/wp-content\/uploads\/2021\/05\/WhatsApp-Image-2021-05-02-at-11.10.34-1-724x1024.jpeg 724w, https:\/\/tigrayunity.com\/wp-content\/uploads\/2021\/05\/WhatsApp-Image-2021-05-02-at-11.10.34-1-212x300.jpeg 212w, https:\/\/tigrayunity.com\/wp-content\/uploads\/2021\/05\/WhatsApp-Image-2021-05-02-at-11.10.34-1-768x1086.jpeg 768w, https:\/\/tigrayunity.com\/wp-content\/uploads\/2021\/05\/WhatsApp-Image-2021-05-02-at-11.10.34-1-1086x1536.jpeg 1086w, https:\/\/tigrayunity.com\/wp-content\/uploads\/2021\/05\/WhatsApp-Image-2021-05-02-at-11.10.34-1.jpeg 1131w\" sizes=\"auto, (max-width: 724px) 100vw, 724px\" \/><\/figure><div class=\"wp-block-media-text__content\">\n<pre class=\"wp-block-preformatted\">Als <strong>Tigray Frauenverein in Deutschland e.V<\/strong>. m\u00f6chten wir die <a href=\"http:\/\/de.china-embassy.org\/det\/\">Botschaft der Volksrepublik China<\/a> und <a href=\"https:\/\/russische-botschaft.ru\/de\/\">Botschaft der Russischen F\u00f6deration<\/a> in Berlin darum bitten sich gegen den v\u00f6lkerm\u00f6rderischen Krieg in Tigray einzusetzen.<\/pre>\n\n\n\n<p>Am <strong>07.05.2021<\/strong> von <strong>11 bis 17 Uhr<\/strong><\/p>\n\n\n\n<p><strong>Treffpunkt<\/strong><\/p>\n\n\n\n<p>Brandenburger Tor (Pariser Platz) Berlin<\/p>\n\n\n\n<p><\/p>\n\n\n\n<p><strong>Kundgebung<\/strong><\/p>\n\n\n\n<p><strong>Botschaft der Volksrepublik China<\/strong><br>Behrenstra\u00dfe 66<br>10117 Berlin<\/p>\n\n\n\n<p><strong>Botschaft der Russischen F\u00f6deration<\/strong><br>M\u00e4rkisches Ufer 54<br>10179 Berlin<\/p>\n\n\n\n<div class=\"wp-block-file\"><a id=\"wp-block-file--media-d443b707-cbcb-439f-afff-0828c8c4cceb\" href=\"http:\/\/tigrayunity.com\/wp-content\/uploads\/2021\/05\/Stoppt-den-Krieg-in-Tigray-Flyer.pdf\">Demo Flyer<\/a><a href=\"http:\/\/tigrayunity.com\/wp-content\/uploads\/2021\/05\/Stoppt-den-Krieg-in-Tigray-Flyer.pdf\" class=\"wp-block-file__button\" download aria-describedby=\"wp-block-file--media-d443b707-cbcb-439f-afff-0828c8c4cceb\">Download<\/a><\/div>\n<\/div><\/div>\n\n\n\n<p><\/p>\n\n\n\n<p><\/p>\n\n\n\n<h3 class=\"wp-block-heading\" id=\"bundesweite-friedensdemo\">Bundesweite Friedensdemo<\/h3>\n\n\n\n<figure class=\"wp-block-embed is-type-video is-provider-youtube wp-block-embed-youtube wp-embed-aspect-16-9 wp-has-aspect-ratio\"><div class=\"wp-block-embed__wrapper\">\n<div class=\"nv-iframe-embed\"><iframe loading=\"lazy\" title=\"Bundesweite Friedens Demo Frankfurt#STOPWARONTIGRAY DEMONSTRATION\u1203\u1308\u122d \u1208\u12ad \u1293\u12ed \u1270\u1253\u12cd\u121e \u1230\u120d\u134a \/ \u134d\u122b\u1295\u12ad\u134e\u122d\u1275 \u1300\u122d\u1218\u1295 2\" width=\"1200\" height=\"675\" src=\"https:\/\/www.youtube.com\/embed\/oJ4AE9dBJn4?feature=oembed\" frameborder=\"0\" allow=\"accelerometer; autoplay; clipboard-write; encrypted-media; gyroscope; picture-in-picture\" allowfullscreen><\/iframe><\/div>\n<\/div><\/figure>\n\n\n\n<p>Als B\u00fcndnis von jungen Aktivisten:innen von Tigray Community Germany, Oromo Community Germany und United4Eritrea rufen wir am&nbsp;<strong>10.04.2021<\/strong>&nbsp;zur gemeinsamen Friedensdemonstration in Hamburg, Berlin, K\u00f6ln, Frankfurt, Heidelberg, Stuttgart und M\u00fcnchen auf!<\/p>\n\n\n\n<figure class=\"wp-block-image size-large\"><img loading=\"lazy\" decoding=\"async\" width=\"634\" height=\"359\" src=\"http:\/\/tigrayunity.com\/wp-content\/uploads\/2021\/04\/whatsapp-image-2021-04-07-at-15.34.22-8.jpeg\" alt=\"\" class=\"wp-image-152\" srcset=\"https:\/\/tigrayunity.com\/wp-content\/uploads\/2021\/04\/whatsapp-image-2021-04-07-at-15.34.22-8.jpeg 634w, https:\/\/tigrayunity.com\/wp-content\/uploads\/2021\/04\/whatsapp-image-2021-04-07-at-15.34.22-8-300x170.jpeg 300w\" sizes=\"auto, (max-width: 634px) 100vw, 634px\" \/><\/figure>\n\n\n\n<figure class=\"wp-block-table\"><table><tbody><tr><td><strong>Stadt<\/strong><\/td><td><strong>Uhrzeit<\/strong><\/td><td><strong>Ort<\/strong><\/td><\/tr><tr><td>Berlin<\/td><td>14:00 \u2013 17:00<\/td><td>Ausw\u00e4rtiges Amt<\/td><\/tr><tr><td>Frankfurt am Main<\/td><td>14:00 \u2013 17:00<\/td><td>R\u00f6merberg<\/td><\/tr><tr><td>Stuttgart<\/td><td>14:45 \u2013 17:00<\/td><td>K\u00f6nigstrasse (Commerzbank)<\/td><\/tr><tr><td>Hamburg<\/td><td>13:00 \u2013 16:00<\/td><td>Hachmannplatz (Hamburg Hbf)<\/td><\/tr><tr><td>Heidelberg<\/td><td>12:00 \u2013 16:00<\/td><td>Bismarckplatz<\/td><\/tr><tr><td>M\u00fcnchen<\/td><td>12:00 \u2013 16:00<\/td><td>Wittelsbacherplatz (bei Odeonsplatz)<\/td><\/tr><tr><td>K\u00f6ln<\/td><td>13:00 \u2013 17:00<\/td><td>Heumarkt<\/td><\/tr><\/tbody><\/table><\/figure>\n\n\n\n<p>Organisiert gemeinsam mit&nbsp;<a href=\"https:\/\/www.facebook.com\/united4eritrea\">United4Eritrea<\/a>&nbsp;und&nbsp;<a href=\"https:\/\/www.facebook.com\/oromia.de\">Oromo Community Germany<\/a>.<\/p>\n\n\n\n<div class=\"wp-block-file\"><a id=\"wp-block-file--media-98a6d0c4-c8ff-4628-b9c9-fc25edb9e54a\" href=\"http:\/\/tigrayunity.com\/wp-content\/uploads\/2021\/04\/aufruf-friedensdemos.pdf\">aufruf-friedensdemos<\/a><a href=\"http:\/\/tigrayunity.com\/wp-content\/uploads\/2021\/04\/aufruf-friedensdemos.pdf\" class=\"wp-block-file__button\" download aria-describedby=\"wp-block-file--media-98a6d0c4-c8ff-4628-b9c9-fc25edb9e54a\">Download<\/a><\/div>\n\n\n\n<div class=\"wp-block-file\"><a id=\"wp-block-file--media-474856c3-9244-441c-a852-3bc8481ef5b1\" href=\"http:\/\/tigrayunity.com\/wp-content\/uploads\/2021\/04\/pressemitteilung_friedensdemos.pdf\">pressemitteilung_friedensdemos<\/a><a href=\"http:\/\/tigrayunity.com\/wp-content\/uploads\/2021\/04\/pressemitteilung_friedensdemos.pdf\" class=\"wp-block-file__button\" download aria-describedby=\"wp-block-file--media-474856c3-9244-441c-a852-3bc8481ef5b1\">Download<\/a><\/div>\n<\/div>\n<\/div><\/div>\n\n\n\n<ul class=\"wp-block-social-links aligncenter is-layout-flex wp-block-social-links-is-layout-flex\"><li class=\"wp-social-link wp-social-link-facebook  wp-block-social-link\"><a href=\"https:\/\/www.facebook.com\/tigrayunity_germany-101403261874732\" class=\"wp-block-social-link-anchor\"><svg width=\"24\" height=\"24\" viewbox=\"0 0 24 24\" version=\"1.1\" xmlns=\"http:\/\/www.w3.org\/2000\/svg\" aria-hidden=\"true\" focusable=\"false\"><path d=\"M12 2C6.5 2 2 6.5 2 12c0 5 3.7 9.1 8.4 9.9v-7H7.9V12h2.5V9.8c0-2.5 1.5-3.9 3.8-3.9 1.1 0 2.2.2 2.2.2v2.5h-1.3c-1.2 0-1.6.8-1.6 1.6V12h2.8l-.4 2.9h-2.3v7C18.3 21.1 22 17 22 12c0-5.5-4.5-10-10-10z\"><\/path><\/svg><span class=\"wp-block-social-link-label screen-reader-text\">Facebook<\/span><\/a><\/li>\n\n<li class=\"wp-social-link wp-social-link-instagram  wp-block-social-link\"><a href=\"https:\/\/www.instagram.com\/tigrayunity_germany\/\" class=\"wp-block-social-link-anchor\"><svg width=\"24\" height=\"24\" viewbox=\"0 0 24 24\" version=\"1.1\" xmlns=\"http:\/\/www.w3.org\/2000\/svg\" aria-hidden=\"true\" focusable=\"false\"><path d=\"M12,4.622c2.403,0,2.688,0.009,3.637,0.052c0.877,0.04,1.354,0.187,1.671,0.31c0.42,0.163,0.72,0.358,1.035,0.673 c0.315,0.315,0.51,0.615,0.673,1.035c0.123,0.317,0.27,0.794,0.31,1.671c0.043,0.949,0.052,1.234,0.052,3.637 s-0.009,2.688-0.052,3.637c-0.04,0.877-0.187,1.354-0.31,1.671c-0.163,0.42-0.358,0.72-0.673,1.035 c-0.315,0.315-0.615,0.51-1.035,0.673c-0.317,0.123-0.794,0.27-1.671,0.31c-0.949,0.043-1.233,0.052-3.637,0.052 s-2.688-0.009-3.637-0.052c-0.877-0.04-1.354-0.187-1.671-0.31c-0.42-0.163-0.72-0.358-1.035-0.673 c-0.315-0.315-0.51-0.615-0.673-1.035c-0.123-0.317-0.27-0.794-0.31-1.671C4.631,14.688,4.622,14.403,4.622,12 s0.009-2.688,0.052-3.637c0.04-0.877,0.187-1.354,0.31-1.671c0.163-0.42,0.358-0.72,0.673-1.035 c0.315-0.315,0.615-0.51,1.035-0.673c0.317-0.123,0.794-0.27,1.671-0.31C9.312,4.631,9.597,4.622,12,4.622 M12,3 C9.556,3,9.249,3.01,8.289,3.054C7.331,3.098,6.677,3.25,6.105,3.472C5.513,3.702,5.011,4.01,4.511,4.511 c-0.5,0.5-0.808,1.002-1.038,1.594C3.25,6.677,3.098,7.331,3.054,8.289C3.01,9.249,3,9.556,3,12c0,2.444,0.01,2.751,0.054,3.711 c0.044,0.958,0.196,1.612,0.418,2.185c0.23,0.592,0.538,1.094,1.038,1.594c0.5,0.5,1.002,0.808,1.594,1.038 c0.572,0.222,1.227,0.375,2.185,0.418C9.249,20.99,9.556,21,12,21s2.751-0.01,3.711-0.054c0.958-0.044,1.612-0.196,2.185-0.418 c0.592-0.23,1.094-0.538,1.594-1.038c0.5-0.5,0.808-1.002,1.038-1.594c0.222-0.572,0.375-1.227,0.418-2.185 C20.99,14.751,21,14.444,21,12s-0.01-2.751-0.054-3.711c-0.044-0.958-0.196-1.612-0.418-2.185c-0.23-0.592-0.538-1.094-1.038-1.594 c-0.5-0.5-1.002-0.808-1.594-1.038c-0.572-0.222-1.227-0.375-2.185-0.418C14.751,3.01,14.444,3,12,3L12,3z M12,7.378 c-2.552,0-4.622,2.069-4.622,4.622S9.448,16.622,12,16.622s4.622-2.069,4.622-4.622S14.552,7.378,12,7.378z M12,15 c-1.657,0-3-1.343-3-3s1.343-3,3-3s3,1.343,3,3S13.657,15,12,15z M16.804,6.116c-0.596,0-1.08,0.484-1.08,1.08 s0.484,1.08,1.08,1.08c0.596,0,1.08-0.484,1.08-1.08S17.401,6.116,16.804,6.116z\"><\/path><\/svg><span class=\"wp-block-social-link-label screen-reader-text\">Instagram<\/span><\/a><\/li>\n\n<li class=\"wp-social-link wp-social-link-twitter  wp-block-social-link\"><a href=\"https:\/\/twitter.com\/Tigrayunity_Ger\" class=\"wp-block-social-link-anchor\"><svg width=\"24\" height=\"24\" viewbox=\"0 0 24 24\" version=\"1.1\" xmlns=\"http:\/\/www.w3.org\/2000\/svg\" aria-hidden=\"true\" focusable=\"false\"><path d=\"M22.23,5.924c-0.736,0.326-1.527,0.547-2.357,0.646c0.847-0.508,1.498-1.312,1.804-2.27 c-0.793,0.47-1.671,0.812-2.606,0.996C18.324,4.498,17.257,4,16.077,4c-2.266,0-4.103,1.837-4.103,4.103 c0,0.322,0.036,0.635,0.106,0.935C8.67,8.867,5.647,7.234,3.623,4.751C3.27,5.357,3.067,6.062,3.067,6.814 c0,1.424,0.724,2.679,1.825,3.415c-0.673-0.021-1.305-0.206-1.859-0.513c0,0.017,0,0.034,0,0.052c0,1.988,1.414,3.647,3.292,4.023 c-0.344,0.094-0.707,0.144-1.081,0.144c-0.264,0-0.521-0.026-0.772-0.074c0.522,1.63,2.038,2.816,3.833,2.85 c-1.404,1.1-3.174,1.756-5.096,1.756c-0.331,0-0.658-0.019-0.979-0.057c1.816,1.164,3.973,1.843,6.29,1.843 c7.547,0,11.675-6.252,11.675-11.675c0-0.178-0.004-0.355-0.012-0.531C20.985,7.47,21.68,6.747,22.23,5.924z\"><\/path><\/svg><span class=\"wp-block-social-link-label screen-reader-text\">Twitter<\/span><\/a><\/li><\/ul>\n\n\n\n<div class=\"wp-block-columns is-layout-flex wp-container-core-columns-is-layout-9d6595d7 wp-block-columns-is-layout-flex\">\n<div class=\"wp-block-column is-layout-flow wp-block-column-is-layout-flow\"><\/div>\n\n\n\n<div class=\"wp-block-column is-layout-flow wp-block-column-is-layout-flow\"><\/div>\n\n\n\n<div class=\"wp-block-column is-layout-flow wp-block-column-is-layout-flow\">\n<div class=\"wp-block-buttons is-layout-flex wp-block-buttons-is-layout-flex\">\n<div class=\"wp-block-button is-style-secondary\"><a class=\"wp-block-button__link has-text-color\" href=\"https:\/\/tigrayunity.com\/en\/impressum\/\" style=\"color:#d45b1e\">Impressum<\/a><\/div>\n<\/div>\n<\/div>\n\n\n\n<div class=\"wp-block-column is-layout-flow wp-block-column-is-layout-flow\"><\/div>\n<\/div>\n\n\n\n<p><\/p>","protected":false},"excerpt":{"rendered":"<p>Demonstration zur Sicherheitskonferenz in M\u00fcnchen 18.02.-20.02.2022 Freitag: Wittelsbacherplatz von 8 \u2013 17:30 Uhr Samstag: Max-Joseph-Plats 9 \u2013 17:00 Sonntag Wittelsbacherplatz 10:00 \u2013 17:00 Demoflyer und Infobl\u00e4tter k\u00f6nnen hier runter geladen werden. Demonstration vor dem UNO Hauptsitz in Genf (Schweiz) Um auf die humanit\u00e4re Situation in Tigray aufmerksam zu machen. Am 13.09.2021 von 10:00 &#8211; 17:00.&hellip;&nbsp;<a href=\"https:\/\/tigrayunity.com\/en\/demos\/\" class=\"\" rel=\"bookmark\">Read More &raquo;<span class=\"screen-reader-text\">Demos<\/span><\/a><\/p>","protected":false},"author":1,"featured_media":0,"parent":0,"menu_order":0,"comment_status":"closed","ping_status":"closed","template":"","meta":{"_monsterinsights_skip_tracking":false,"_monsterinsights_sitenote_active":false,"_monsterinsights_sitenote_note":"","_monsterinsights_sitenote_category":0,"neve_meta_sidebar":"full-width","neve_meta_container":"","neve_meta_enable_content_width":"on","neve_meta_content_width":100,"neve_meta_title_alignment":"","neve_meta_author_avatar":"","neve_post_elements_order":"","neve_meta_disable_header":"","neve_meta_disable_footer":"","neve_meta_disable_title":"","_themeisle_gutenberg_block_has_review":false,"footnotes":""},"class_list":["post-138","page","type-page","status-publish","hentry"],"jetpack_sharing_enabled":true,"_links":{"self":[{"href":"https:\/\/tigrayunity.com\/en\/wp-json\/wp\/v2\/pages\/138","targetHints":{"allow":["GET"]}}],"collection":[{"href":"https:\/\/tigrayunity.com\/en\/wp-json\/wp\/v2\/pages"}],"about":[{"href":"https:\/\/tigrayunity.com\/en\/wp-json\/wp\/v2\/types\/page"}],"author":[{"embeddable":true,"href":"https:\/\/tigrayunity.com\/en\/wp-json\/wp\/v2\/users\/1"}],"replies":[{"embeddable":true,"href":"https:\/\/tigrayunity.com\/en\/wp-json\/wp\/v2\/comments?post=138"}],"version-history":[{"count":30,"href":"https:\/\/tigrayunity.com\/en\/wp-json\/wp\/v2\/pages\/138\/revisions"}],"predecessor-version":[{"id":987,"href":"https:\/\/tigrayunity.com\/en\/wp-json\/wp\/v2\/pages\/138\/revisions\/987"}],"wp:attachment":[{"href":"https:\/\/tigrayunity.com\/en\/wp-json\/wp\/v2\/media?parent=138"}],"curies":[{"name":"wp","href":"https:\/\/api.w.org\/{rel}","templated":true}]}}