{"id":308,"date":"2021-04-29T21:34:51","date_gmt":"2021-04-29T21:34:51","guid":{"rendered":"http:\/\/tigrayunity.com\/?page_id=308"},"modified":"2021-09-25T13:41:45","modified_gmt":"2021-09-25T13:41:45","slug":"un-petition","status":"publish","type":"page","link":"https:\/\/tigrayunity.com\/en\/un-petition\/","title":{"rendered":"UN Petition"},"content":{"rendered":"<div class=\"wp-block-themeisle-blocks-advanced-columns has-1-columns has-desktop-equal-layout has-tablet-equal-layout has-mobile-equal-layout has-default-gap has-vertical-unset\" id=\"wp-block-themeisle-blocks-advanced-columns-2033ee74\"><div class=\"wp-block-themeisle-blocks-advanced-columns-overlay\"><\/div><div class=\"innerblocks-wrap\">\n<div class=\"wp-block-themeisle-blocks-advanced-column\" id=\"wp-block-themeisle-blocks-advanced-column-a69a7e8c\">\n<p><strong>Aufruf zur R\u00fccknahme des Entscheids der Vereinten Nationen, die Untersuchung von Kriegsverbrechen in Tigray gemeinsam mit der \u00e4thiopischen Menschenrechtskommission durchzuf\u00fchren&nbsp;<\/strong><\/p>\n\n\n\n<p>Mit dieser Petition reagieren wir, deutsche B\u00fcrger und B\u00fcrgerinnen mit tigrayischen Hintergrund auf die j\u00fcngsten Entwicklungen bez\u00fcglich einer internationalen Untersuchung zu Verletzungen des internationalen Menschenrechts, Kriegsverbrechen, Verbrechen gegen die Menschlichkeit und V\u00f6lkermord in der Region Tigray. Wir sind besorgt \u00fcber die Reaktion der UNO- Hochkommissarin f\u00fcr Menschenrechte, Frau Bachelet, eine gemeinsame Untersuchung mit der staatlich gef\u00fchrten \u00e4thiopischen Menschenrechtskommission (EHRC) zu begr\u00fc\u00dfen. Eine solche Zusammenarbeit verst\u00f6\u00dft gegen grundlegende internationale Anforderungen und Richtlinien, da die EHRC nicht die grundlegenden Kriterien erf\u00fcllt, um solche Untersuchungen fair durchzuf\u00fchren.<\/p>\n\n\n\n<p>Tigray ertr\u00e4gt nun seit f\u00fcnf Monaten einen unerbittlichen Krieg, der verheerendes menschliches Leid verursacht. Immer mehr Berichte zeigen massive Menschenrechtsverletzungen und v\u00f6lkerm\u00f6rderische Handlungen in Tigray, so wie au\u00dfergerichtliche T\u00f6tungen und der Einsatz von Hunger und Vergewaltigungen an Frauen und Kindern als Kriegswaffe. Die strafrechtliche Verfolgung f\u00fcr Kriegsverbrechen ist ein grundlegender Aspekt des Rechts der Opfer auf Gerechtigkeit. Um im Interesse der Opfer zu handeln, muss die untersuchende Stelle grundlegende internationale Anforderungen und Richtlinien zur Ermittlung befolgen. Anforderungen sind Unabh\u00e4ngigkeit, Integrit\u00e4t, Unparteilichkeit, Unbefangenheit, Transparenz und Effektivit\u00e4t.&nbsp;<\/p>\n\n\n\n<p>In den vergangenen f\u00fcnf Monaten hat die EHRC mehrfach ihre Unf\u00e4higkeit, Befangenheit, sowie ihren Unwillen demonstriert, einen glaubw\u00fcrdigen Weg zur Aufarbeitung von Vorw\u00fcrfen \u00fcber schwere Menschenrechtsverletzungen in Tigray und anderen Teilen \u00c4thiopiens einzuschlagen. Da die EHRC die oben genannten Kriterien nicht erf\u00fcllt, ist sie kein glaubw\u00fcrdiger Partner, um eine Untersuchung der mutmasslichen Verbrechen in Tigray durchzuf\u00fchren:&nbsp;<\/p>\n\n\n\n<ol class=\"wp-block-list\"><li><strong>EHRC-Mitarbeiter sind f\u00fcr solche Ermittlungen nicht ausreichend geschult, ausgestattet und finanziert<\/strong><\/li><\/ol>\n\n\n\n<p>In Bezug auf besondere Gef\u00e4hrdungen in bewaffneten Konflikten, wie z.B. f\u00fcr F\u00e4lle von mutma\u00dflicher sexueller Gewalt, Folter oder Vorf\u00e4lle, bei denen Kinder Opfer, Zeugen oder Verd\u00e4chtige gewesen sein k\u00f6nnten, m\u00fcssen spezielle Fachkenntnisse gew\u00e4hrleistet sein. Auch m\u00fcssen bei unverh\u00e4ltnism\u00e4\u00dfiger Gewalt oder Misshandlungen unabh\u00e4ngige, unmittelbare, unverz\u00fcgliche und umfassende Untersuchungen durchgef\u00fchrt werden. Amnesty International (AI) stellte jedoch fest, dass es der staatlich gef\u00fchrten EHRC nicht nur <em>&#8222;an qualifizierten und erfahrenen Mitarbeitern&#8220;<\/em> fehle, sondern auch an <em>&#8222;Autonomie&#8220;<\/em> mangle, was der vorausgesetzten Forderung nach Gr\u00fcndlichkeit, Unparteilichkeit und Unabh\u00e4ngigkeit bei strafrechtlichen Untersuchungen widerspricht. In sieben \u00f6ffentlich zug\u00e4nglichen Berichten der EHRC fand AI eklatante L\u00fccken in den Methoden, mit denen Vorw\u00fcrfe von Menschenrechtsverletzungen untersucht und gemeldet werden. AI schreibt auch, dass <em>\u00abdie Berichte des EHRC nicht den international anerkannten Standards f\u00fcr Methodik und Unbefangenheit entsprachen.\u00bb<\/em>&nbsp;<\/p>\n\n\n\n<ol class=\"wp-block-list\"><li><strong>Fehlende Unabh\u00e4ngigkeit, Unparteilichkeit und Glaubw\u00fcrdigkeit der EHRC und von Kommissar Daniel Bekele<\/strong><\/li><\/ol>\n\n\n\n<p>Gem\u00e4ss dem Prinzip der Unparteilichkeit darf eine Ermittlungsbeh\u00f6rde wie die EHRC weder eine pers\u00f6nliche Voreingenommenheit noch einen Interessenkonflikt in Bezug auf den vorliegenden Fall haben. Die Untersuchungsbeh\u00f6rde muss auch in der Lage sein, eine Ermittlung ohne Beeinflussung anderer, sowie ohne Angst vor Repressalien oder Erwartung zugunsten anderer Institutionen aus\u00fcben zu k\u00f6nnen. Die EHRC ist jedoch in einem Interessenskonflikt, da ein Teil der EHRC von der Regierung Abiy Ahmeds finanziert wird.&nbsp; Somit kann diese nicht unbefangen ermitteln, wenn mutma\u00dfliche Menschenrechtsverst\u00f6\u00dfe neben amharischen Milizen und eritreischen Streitkr\u00e4ften auch \u00e4thiopischen Soldaten vorgeworfen werden. AI stellte in einem Bericht aus dem Jahr 2019 fest, dass es <em>\u00abder EHRC an Unabh\u00e4ngigkeit mangelt und sie eher den Interessen der Regierung dient, als dass sie Rechenschaft \u00fcber Missst\u00e4nde ablegt.\u00bb.&nbsp;<\/em><\/p>\n\n\n\n<p>Der staatlich ernannte <strong>EHRC-Chefkommissar Daniel Bekele<\/strong> hat seine parteiische Haltung zu diesem Krieg bei mehreren Gelegenheiten bewiesen. Zum Beispiel spielte er w\u00e4hrend des von der \u00e4thiopischen Botschaft in Genf organisierten Pressebriefings das Ausma\u00df der Menschenrechtsverletzungen in Tigray kategorisch herunter. Anfang Januar 2021 verk\u00fcndete der Kommissar, dass die &#8222;<em>Operation nicht zu so schwerwiegenden Konsequenzen gef\u00fchrt hat, wie urspr\u00fcnglich bef\u00fcrchtet&#8220;.<\/em> Bekele hat auch auf subtile Weise Lobbyarbeit f\u00fcr die \u00e4thiopische Regierung betrieben, indem er das gleiche Narrativ zum Konflikt der Regierung von Abiy Ahmed verwendete. Diese Befangenheit, der Mangel an Glaubw\u00fcrdigkeit und die politische Pr\u00e4disposition zu dem Konflikt werden eine unparteiische und effektive Untersuchung in Tigray und anderswo in \u00c4thiopien nicht gew\u00e4hrleisten und die Straflosigkeit vor Menschenrechtsverst\u00f6\u00dfen nicht beenden. Dieses Schema der Verschleierung von Menschenrechtsverletzungen wird zus\u00e4tzlich durch den st\u00e4ndigen Einfluss der \u00e4thiopischen Regierung aufrechterhalten und gef\u00f6rdert. Damit dient die EHRC als institutionelles Instrument, um Kriegsverbrechen und Verbrechen gegen die Menschlichkeit herunterzuspielen oder gar zu vertuschen. Angesichts des ethnischen Charakters des Krieges k\u00f6nnen die Mitarbeiter des EHRC, von denen die meisten aus der Amhara Region stammen, die schweren Menschenrechtsverletzungen und ethnischen S\u00e4uberungen, die von Amhara-Milizen in S\u00fcd- und West-Tigray mutmasslich begangen wurden, nicht unbefangen untersuchen.<\/p>\n\n\n\n<p>In einem von EHRC ver\u00f6ffentlichten Bericht wird beispielsweise der vom Amhara-Regionalstaat eingesetzte Verwalter von Dansha (Bezirk in West-Tigray) mit den Worten zitiert: &#8222;Die Tigrayer leben friedlich in der Gegend, aber diejenigen Bewohner, die sich gef\u00e4hrdet f\u00fchlten, wurden mit Transportmitteln zu Zielen ihrer W\u00fcnsche weggebracht&#8220;. Dies ist ein klares Beispiel daf\u00fcr, dass die EHRC es vermeidet, ethnische S\u00e4uberungen in West-Tigray zu benennen und zuzugeben. Es ist anzumerken, dass es f\u00fcr die betroffenen Tigrayer kein Ziel ihrer W\u00fcnsche ausserhalb ihrer eigenen Heimat gibt. Dar\u00fcber hinaus haben das US-Au\u00dfenministerium und viele andere Institutionen wiederholt erkl\u00e4rt, dass in West-Tigray massive ethnische S\u00e4uberungen gegen Angeh\u00f6rige der Tigray stattfinden, indem sie von Amhara-Milizen entweder massakriert oder zur Flucht gezwungen und sie ihrer H\u00e4user und Grundst\u00fccke enteignet werden. Leider ist die EHRC weit davon entfernt, \u00fcber die Realit\u00e4t zu berichten, so dass man ihr nicht zutrauen kann, weitere Untersuchungen in diesen komplexen, ethnisch sensiblen und gro\u00df angelegten V\u00f6lkermorden an Tigrayern durchzuf\u00fchren.<\/p>\n\n\n\n<p><strong>3. Keine unverz\u00fcglichen, unmittelbaren und umfassenden Untersuchungen<\/strong><\/p>\n\n\n\n<p>Sowohl der \u00e4thiopische Staat als auch Daniel Bekele waren mehrfach nicht bereit, zeitnah Ermittlungen zu er\u00f6ffnen. Obwohl die EHRC t\u00e4glich \u00fcber die Berichte von sexueller Gewalt, Pl\u00fcnderungen, Zerst\u00f6rung von Eigentum und au\u00dfergerichtlichen T\u00f6tungen in Tigray sowie Massaker in verschiedenen Teilen von Tigray informiert wurden, f\u00fchrten diese keine unverz\u00fcglichen Ermittlungen durch. Aufkommende Berichte von verschiedenen Nichtregierungsorganisationen wie <em>Human Rights Watch (HRW), \u00c4rzte ohne Grenzen (MSF), AI <\/em>sowie internationaler Medien wie <em>CNN <\/em>und<em> BBC <\/em>\u00fcber Kriegsverbrechen f\u00fchrten offensichtlich zu keiner Verpflichtung, eine unmittelbare und umfassende Untersuchung dieser Angelegenheiten einzuleiten.&nbsp;<\/p>\n\n\n\n<p>Dar\u00fcber hinaus wurden Berichte von internationalen NGOs nicht nur von der EHRC ignoriert, sondern auch als falsch bzw. vorget\u00e4uscht bezeichnet. Diese Vorgehensweise und Arbeitsmoral der EHRC wurde auch schon in einem fr\u00fcheren Bericht von AI kritisiert. In diesem steht, dass die EHRC, anstatt gr\u00fcndlich zu ermitteln und angebliche Missbr\u00e4uche durch die Sicherheitskr\u00e4fte aufzudecken, <em>&#8222;schnell dabei war, andere Akteure zu beschuldigen&#8220;<\/em>. Beispiele f\u00fcr eine solche Arbeitsmoral, die etablierte internationale Standards bei solchen Untersuchungen au\u00dfer Acht l\u00e4sst, finden sich im Bericht \u00fcber das Mai Kadra-Massaker. Daniel Bekeles schnelle Berichterstattung und Dokumentation von Mai Kadra ist voller klaffender L\u00f6cher und beg\u00fcnstigt klar eine Seite der Konfliktparteien. Das Massaker in Mai Kadra braucht dringend eine unabh\u00e4ngige Untersuchungsinstanz, jedoch l\u00e4sst die \u00e4thiopische Regierung eine solche bis heute nicht zu.<\/p>\n\n\n\n<p>Aufgrund der Ineffektivit\u00e4t und mangelnden Unabh\u00e4ngigkeit bei der Bearbeitung von Vorw\u00fcrfen ist es daher zwingend erforderlich, dass eine Untersuchungskommission eingerichtet wird, die eine unabh\u00e4ngige, unparteiische, gr\u00fcndliche und effektive Untersuchung von Kriegsverbrechen, Verbrechen gegen die Menschlichkeit und V\u00f6lkermord in Tigray durchf\u00fchrt. Die Vorw\u00fcrfe m\u00fcssen ernsthaft, transparent, gr\u00fcndlich und unbefangen untersucht werden, da es sich die Opfer des Missbrauchs in Tigray nicht leisten k\u00f6nnen, noch l\u00e4nger auf eine glaubw\u00fcrdige Ermittlung der mutmasslichen schweren Verst\u00f6\u00dfe zu warten.&nbsp;<\/p>\n\n\n\n<p>Wir sind der festen \u00dcberzeugung, dass nur eine UN-mandatierte Untersuchung &#8211; ohne Beteiligung von und Zusammenarbeit mit der EHRC &#8211; ein glaubw\u00fcrdiger erster Schritt auf dem Weg zur Friedensstiftung in \u00c4thiopien ist. Daher bitten wir um:<\/p>\n\n\n\n<ol class=\"wp-block-list\"><li>die Pl\u00e4ne und Vorbereitungen f\u00fcr eine gemeinsame Untersuchung der Gr\u00e4ueltaten in Tigray mit der EHRC zu \u00fcberdenken und r\u00fcckg\u00e4ngig zu machen.<\/li><li>dringend eine UN-mandatierte Kommission zur Untersuchung der schweren Verbrechen in Tigray einzusetzen. Wir glauben, dass alles, was nicht dazu f\u00fchrt, nicht zu Gerechtigkeit und Vers\u00f6hnung f\u00fchren wird und am Ende mehr schaden als n\u00fctzen k\u00f6nnte.&nbsp;<\/li><\/ol>\n\n\n\n<p>Wir verurteilen die Entscheidung einer gemeinsamen Untersuchung aufs Sch\u00e4rfste und fordern, eine UN-mandatierte Untersuchung der Gr\u00e4ueltaten in Tigray zu genehmigen, um ein starkes Engagement f\u00fcr den Schutz der Menschenrechte und der Gerechtigkeit in Tigray durch die Durchf\u00fchrung einer unabh\u00e4ngigen, unparteiischen, effektiven und sofortigen Untersuchung von Kriegsverbrechen, Verbrechen gegen die Menschlichkeit und V\u00f6lkermord in der Region Tigray durchzusetzen.&nbsp;<\/p>\n\n\n\n<p>Au\u00dferdem k\u00f6nnen Zeugen und \u00dcberlebende nur dann frei und selbstbewusst sprechen, wenn sie wissen, dass die Ermittler neutral sind. Sie werden zu Recht Angst vor Repressalien haben, wenn sie mit den Mitarbeitern der EHRC sprechen. Ihre Namen und Identit\u00e4ten k\u00f6nnten bei den Regierungstruppen oder dem Sicherheitsapparat landen, da die EHRC derselben Regierung angeh\u00f6rt und von ihr finanziert wird.<\/p>\n\n\n\n<p>Konkrete Ma\u00dfnahmen des Menschenrechtsrates und der UN-Menschenrechtsgremien werden nicht nur der \u00e4thiopischen Regierung und der EHRC signalisieren, dass anhaltende Straflosigkeit und Misshandlungen nicht akzeptabel sind, sondern auch den \u00dcberlebenden best\u00e4tigen, dass die Vereinten Nationen sich daf\u00fcr einsetzen, Gerechtigkeit f\u00fcr die schweren Menschenrechtsverletzungen zu erlangen, die sie erlebt haben und f\u00fcr den Rest ihres Lebens erleben werden.<\/p>\n\n\n\n<div class=\"wp-block-file\"><a href=\"http:\/\/tigrayunity.com\/wp-content\/uploads\/2021\/04\/UN-Petition.docx\" class=\"wp-block-file__button\" download>Download<\/a><\/div>\n<\/div>\n<\/div><\/div>\n\n\n\n<ul class=\"wp-block-social-links aligncenter is-layout-flex wp-block-social-links-is-layout-flex\"><li class=\"wp-social-link wp-social-link-facebook  wp-block-social-link\"><a href=\"https:\/\/www.facebook.com\/tigrayunity_germany-101403261874732\" class=\"wp-block-social-link-anchor\"><svg width=\"24\" height=\"24\" viewbox=\"0 0 24 24\" version=\"1.1\" xmlns=\"http:\/\/www.w3.org\/2000\/svg\" aria-hidden=\"true\" focusable=\"false\"><path d=\"M12 2C6.5 2 2 6.5 2 12c0 5 3.7 9.1 8.4 9.9v-7H7.9V12h2.5V9.8c0-2.5 1.5-3.9 3.8-3.9 1.1 0 2.2.2 2.2.2v2.5h-1.3c-1.2 0-1.6.8-1.6 1.6V12h2.8l-.4 2.9h-2.3v7C18.3 21.1 22 17 22 12c0-5.5-4.5-10-10-10z\"><\/path><\/svg><span class=\"wp-block-social-link-label screen-reader-text\">Facebook<\/span><\/a><\/li>\n\n<li class=\"wp-social-link wp-social-link-instagram  wp-block-social-link\"><a href=\"https:\/\/www.instagram.com\/tigrayunity_germany\/\" class=\"wp-block-social-link-anchor\"><svg width=\"24\" height=\"24\" viewbox=\"0 0 24 24\" version=\"1.1\" xmlns=\"http:\/\/www.w3.org\/2000\/svg\" aria-hidden=\"true\" focusable=\"false\"><path d=\"M12,4.622c2.403,0,2.688,0.009,3.637,0.052c0.877,0.04,1.354,0.187,1.671,0.31c0.42,0.163,0.72,0.358,1.035,0.673 c0.315,0.315,0.51,0.615,0.673,1.035c0.123,0.317,0.27,0.794,0.31,1.671c0.043,0.949,0.052,1.234,0.052,3.637 s-0.009,2.688-0.052,3.637c-0.04,0.877-0.187,1.354-0.31,1.671c-0.163,0.42-0.358,0.72-0.673,1.035 c-0.315,0.315-0.615,0.51-1.035,0.673c-0.317,0.123-0.794,0.27-1.671,0.31c-0.949,0.043-1.233,0.052-3.637,0.052 s-2.688-0.009-3.637-0.052c-0.877-0.04-1.354-0.187-1.671-0.31c-0.42-0.163-0.72-0.358-1.035-0.673 c-0.315-0.315-0.51-0.615-0.673-1.035c-0.123-0.317-0.27-0.794-0.31-1.671C4.631,14.688,4.622,14.403,4.622,12 s0.009-2.688,0.052-3.637c0.04-0.877,0.187-1.354,0.31-1.671c0.163-0.42,0.358-0.72,0.673-1.035 c0.315-0.315,0.615-0.51,1.035-0.673c0.317-0.123,0.794-0.27,1.671-0.31C9.312,4.631,9.597,4.622,12,4.622 M12,3 C9.556,3,9.249,3.01,8.289,3.054C7.331,3.098,6.677,3.25,6.105,3.472C5.513,3.702,5.011,4.01,4.511,4.511 c-0.5,0.5-0.808,1.002-1.038,1.594C3.25,6.677,3.098,7.331,3.054,8.289C3.01,9.249,3,9.556,3,12c0,2.444,0.01,2.751,0.054,3.711 c0.044,0.958,0.196,1.612,0.418,2.185c0.23,0.592,0.538,1.094,1.038,1.594c0.5,0.5,1.002,0.808,1.594,1.038 c0.572,0.222,1.227,0.375,2.185,0.418C9.249,20.99,9.556,21,12,21s2.751-0.01,3.711-0.054c0.958-0.044,1.612-0.196,2.185-0.418 c0.592-0.23,1.094-0.538,1.594-1.038c0.5-0.5,0.808-1.002,1.038-1.594c0.222-0.572,0.375-1.227,0.418-2.185 C20.99,14.751,21,14.444,21,12s-0.01-2.751-0.054-3.711c-0.044-0.958-0.196-1.612-0.418-2.185c-0.23-0.592-0.538-1.094-1.038-1.594 c-0.5-0.5-1.002-0.808-1.594-1.038c-0.572-0.222-1.227-0.375-2.185-0.418C14.751,3.01,14.444,3,12,3L12,3z M12,7.378 c-2.552,0-4.622,2.069-4.622,4.622S9.448,16.622,12,16.622s4.622-2.069,4.622-4.622S14.552,7.378,12,7.378z M12,15 c-1.657,0-3-1.343-3-3s1.343-3,3-3s3,1.343,3,3S13.657,15,12,15z M16.804,6.116c-0.596,0-1.08,0.484-1.08,1.08 s0.484,1.08,1.08,1.08c0.596,0,1.08-0.484,1.08-1.08S17.401,6.116,16.804,6.116z\"><\/path><\/svg><span class=\"wp-block-social-link-label screen-reader-text\">Instagram<\/span><\/a><\/li>\n\n<li class=\"wp-social-link wp-social-link-twitter  wp-block-social-link\"><a href=\"https:\/\/twitter.com\/Tigrayunity_Ger\" class=\"wp-block-social-link-anchor\"><svg width=\"24\" height=\"24\" viewbox=\"0 0 24 24\" version=\"1.1\" xmlns=\"http:\/\/www.w3.org\/2000\/svg\" aria-hidden=\"true\" focusable=\"false\"><path d=\"M22.23,5.924c-0.736,0.326-1.527,0.547-2.357,0.646c0.847-0.508,1.498-1.312,1.804-2.27 c-0.793,0.47-1.671,0.812-2.606,0.996C18.324,4.498,17.257,4,16.077,4c-2.266,0-4.103,1.837-4.103,4.103 c0,0.322,0.036,0.635,0.106,0.935C8.67,8.867,5.647,7.234,3.623,4.751C3.27,5.357,3.067,6.062,3.067,6.814 c0,1.424,0.724,2.679,1.825,3.415c-0.673-0.021-1.305-0.206-1.859-0.513c0,0.017,0,0.034,0,0.052c0,1.988,1.414,3.647,3.292,4.023 c-0.344,0.094-0.707,0.144-1.081,0.144c-0.264,0-0.521-0.026-0.772-0.074c0.522,1.63,2.038,2.816,3.833,2.85 c-1.404,1.1-3.174,1.756-5.096,1.756c-0.331,0-0.658-0.019-0.979-0.057c1.816,1.164,3.973,1.843,6.29,1.843 c7.547,0,11.675-6.252,11.675-11.675c0-0.178-0.004-0.355-0.012-0.531C20.985,7.47,21.68,6.747,22.23,5.924z\"><\/path><\/svg><span class=\"wp-block-social-link-label screen-reader-text\">Twitter<\/span><\/a><\/li><\/ul>","protected":false},"excerpt":{"rendered":"","protected":false},"author":2,"featured_media":0,"parent":0,"menu_order":0,"comment_status":"closed","ping_status":"closed","template":"","meta":{"_monsterinsights_skip_tracking":false,"_monsterinsights_sitenote_active":false,"_monsterinsights_sitenote_note":"","_monsterinsights_sitenote_category":0,"neve_meta_sidebar":"full-width","neve_meta_container":"","neve_meta_enable_content_width":"on","neve_meta_content_width":100,"neve_meta_title_alignment":"","neve_meta_author_avatar":"","neve_post_elements_order":"","neve_meta_disable_header":"","neve_meta_disable_footer":"","neve_meta_disable_title":"","_themeisle_gutenberg_block_has_review":false,"footnotes":""},"class_list":["post-308","page","type-page","status-publish","hentry"],"jetpack_sharing_enabled":true,"_links":{"self":[{"href":"https:\/\/tigrayunity.com\/en\/wp-json\/wp\/v2\/pages\/308","targetHints":{"allow":["GET"]}}],"collection":[{"href":"https:\/\/tigrayunity.com\/en\/wp-json\/wp\/v2\/pages"}],"about":[{"href":"https:\/\/tigrayunity.com\/en\/wp-json\/wp\/v2\/types\/page"}],"author":[{"embeddable":true,"href":"https:\/\/tigrayunity.com\/en\/wp-json\/wp\/v2\/users\/2"}],"replies":[{"embeddable":true,"href":"https:\/\/tigrayunity.com\/en\/wp-json\/wp\/v2\/comments?post=308"}],"version-history":[{"count":4,"href":"https:\/\/tigrayunity.com\/en\/wp-json\/wp\/v2\/pages\/308\/revisions"}],"predecessor-version":[{"id":3197,"href":"https:\/\/tigrayunity.com\/en\/wp-json\/wp\/v2\/pages\/308\/revisions\/3197"}],"wp:attachment":[{"href":"https:\/\/tigrayunity.com\/en\/wp-json\/wp\/v2\/media?parent=308"}],"curies":[{"name":"wp","href":"https:\/\/api.w.org\/{rel}","templated":true}]}}