{"id":380,"date":"2021-06-01T14:52:56","date_gmt":"2021-06-01T14:52:56","guid":{"rendered":"http:\/\/tigrayunity.com\/?page_id=380"},"modified":"2024-04-28T12:23:23","modified_gmt":"2024-04-28T10:23:23","slug":"petitionen","status":"publish","type":"page","link":"https:\/\/tigrayunity.com\/en\/petitionen\/","title":{"rendered":"Petitions"},"content":{"rendered":"<p><strong><strong>Petition an die Europ\u00e4ische Union, die Wahlen in \u00c4thiopien im Jahr 2021 als rechtswidrig zu erkl\u00e4ren und Druck auf die \u00e4thiopische Regierung auszu\u00fcben, damit diese einen umfassenden nationalen Dialog einleitet<\/strong><\/strong><\/p>\n\n\n\n<div id=\"wp-block-themeisle-blocks-advanced-columns-ac49d4a1\" class=\"wp-block-themeisle-blocks-advanced-columns has-1-columns has-desktop-equal-layout has-tablet-equal-layout has-mobile-equal-layout has-vertical-unset has-default-gap\"><div class=\"wp-block-themeisle-blocks-advanced-columns-overlay\"><\/div><div class=\"innerblocks-wrap\">\n<div id=\"wp-block-themeisle-blocks-advanced-column-3abdde36\" class=\"wp-block-themeisle-blocks-advanced-column\">\n<script>\nvar OPWIDGET = {\n\t\"base_url\": \"https:\/\/www.openpetition.de\",\n\t\"api_key\": \"4afd7003c28406a2075ff0722075474ce1b60589f753160f9f1a61ed25b7535f\",\n\t\"options\":{\n\t\t\"primarycolor\": \"#e07d28\",\t\/\/ andere Farben: https:\/\/www.w3schools.com\/colors\/colors_picker.asp\n\t\t\"secondarycolor\": \"#6c6c6c\",\n\t\t\"backgroundcolor\": \"#ffffff\",\n\t\t\"mainfontsize\": \"12px\",\n\t\t\"language\": \"de_DE.utf8\"\t\/\/  andere Sprachen: https:\/\/www.openpetition.de\/language\/locales\n\t} \n};\n<\/script>\n<script src=\"https:\/\/www.openpetition.de\/javascript\/widget.js\"><\/script>\n<noscript>Please activate JavaScript and reload your page.<\/noscript>\n<\/div>\n<\/div><\/div>\n\n\n\n<p><\/p>","protected":false},"excerpt":{"rendered":"<p>Petition an die Europ\u00e4ische Union, die Wahlen in \u00c4thiopien im Jahr 2021 als rechtswidrig zu erkl\u00e4ren und Druck auf die \u00e4thiopische Regierung auszu\u00fcben, damit diese einen umfassenden nationalen Dialog einleitet<\/p>","protected":false},"author":2,"featured_media":0,"parent":0,"menu_order":0,"comment_status":"closed","ping_status":"closed","template":"","meta":{"_monsterinsights_skip_tracking":false,"_monsterinsights_sitenote_active":false,"_monsterinsights_sitenote_note":"","_monsterinsights_sitenote_category":0,"neve_meta_sidebar":"full-width","neve_meta_container":"","neve_meta_enable_content_width":"on","neve_meta_content_width":100,"neve_meta_title_alignment":"","neve_meta_author_avatar":"","neve_post_elements_order":"","neve_meta_disable_header":"","neve_meta_disable_footer":"","neve_meta_disable_title":"","_themeisle_gutenberg_block_has_review":false,"footnotes":""},"class_list":["post-380","page","type-page","status-publish","hentry"],"jetpack_sharing_enabled":true,"_links":{"self":[{"href":"https:\/\/tigrayunity.com\/en\/wp-json\/wp\/v2\/pages\/380","targetHints":{"allow":["GET"]}}],"collection":[{"href":"https:\/\/tigrayunity.com\/en\/wp-json\/wp\/v2\/pages"}],"about":[{"href":"https:\/\/tigrayunity.com\/en\/wp-json\/wp\/v2\/types\/page"}],"author":[{"embeddable":true,"href":"https:\/\/tigrayunity.com\/en\/wp-json\/wp\/v2\/users\/2"}],"replies":[{"embeddable":true,"href":"https:\/\/tigrayunity.com\/en\/wp-json\/wp\/v2\/comments?post=380"}],"version-history":[{"count":5,"href":"https:\/\/tigrayunity.com\/en\/wp-json\/wp\/v2\/pages\/380\/revisions"}],"predecessor-version":[{"id":3200,"href":"https:\/\/tigrayunity.com\/en\/wp-json\/wp\/v2\/pages\/380\/revisions\/3200"}],"wp:attachment":[{"href":"https:\/\/tigrayunity.com\/en\/wp-json\/wp\/v2\/media?parent=380"}],"curies":[{"name":"wp","href":"https:\/\/api.w.org\/{rel}","templated":true}]}}