{"id":516,"date":"2021-09-15T20:50:36","date_gmt":"2021-09-15T20:50:36","guid":{"rendered":"https:\/\/tigrayunity.com\/?page_id=516"},"modified":"2024-04-28T12:24:11","modified_gmt":"2024-04-28T10:24:11","slug":"spenden","status":"publish","type":"page","link":"https:\/\/tigrayunity.com\/en\/spenden\/","title":{"rendered":"Spenden"},"content":{"rendered":"<p><meta charset=\"utf-8\"><\/p>\n\n\n\n<div class=\"gfm-embed\" data-url=\"https:\/\/www.gofundme.com\/f\/ashenda-hilfe-fr-die-opfer\/widget\/large\/\"><\/div><script defer src=\"https:\/\/www.gofundme.com\/static\/js\/embed.js\"><\/script>\n\n\n\n<p><\/p>\n\n\n\n<p><strong>HUMANIT\u00c4RE KRISE IN TIGRAY, \u00c4THIOPIEN\u00a0<\/strong>Im November 2020 brach in der Region\u00a0<strong>Tigray in \u00c4thiopien<\/strong>\u00a0ein Konflikt aus. Dieser entwickelte sich bald zu einem multidimensionalen Konflikt mit internationalen und nationalen Akteuren.\u00a0<\/p>\n\n\n\n<div class=\"wp-block-columns is-layout-flex wp-container-core-columns-is-layout-9d6595d7 wp-block-columns-is-layout-flex\">\n<div class=\"wp-block-column is-layout-flow wp-block-column-is-layout-flow\" style=\"flex-basis:33.33%\">\n<iframe loading=\"lazy\" frameborder=\"0\" marginheight=\"0\" marginwidth=\"0\" src=\"https:\/\/www.betterplace-widget.org\/projects\/93456?l=de\" width=\"100%\" height=\"320\" style=\"border: 0; padding:0; margin:0;\">Informieren und spenden: &lt;a href=&quot;\/en\/&amp;\/#39;https:\/\/www.betterplace.org\/de\/projects\/93456-humanitaere-krise-in-tigray-hilfe-fuer-frauen-und-kinder&amp;#39;&quot; target=&quot;&amp;#39;_blank&amp;#39;&quot;&gt;&bdquo;Humanit&auml;re Krise in Tigray: Hilfe f&uuml;r Frauen und Kinder&ldquo;&lt;\/a&gt; auf betterplace.org &ouml;ffnen.<\/iframe>\n<\/div>\n\n\n\n<div class=\"wp-block-column is-layout-flow wp-block-column-is-layout-flow\" style=\"flex-basis:66.66%\">\n<p><strong>Frauen<\/strong>&nbsp;stehen seit&nbsp;<strong>Beginn des Konflikts an vorderster Front<\/strong>&nbsp;und sind in unverh\u00e4ltnism\u00e4\u00dfigem Ma\u00dfe von&nbsp;<strong>Verfolgung und (sexueller) Gewalt<\/strong>&nbsp;betroffen. Dazu geh\u00f6ren Geschlechtskrankheiten, Fehlgeburten, der Tod von Kindern, Unterern\u00e4hrung, Verletzungen durch Soldaten und mehr. Die Infrastruktur, die die Gesundheitsversorgung und Bildung f\u00fcr Frauen bereitstellt, war ohnehin aufgrund von COVID-19 bedroht, und die Vertreibung durch den Konflikt hat den Zugang zu diesen&nbsp;<strong>wichtigen Ressourcen weiter zerst\u00f6rt<\/strong>.<\/p>\n\n\n\n<p><strong>Frauen und M\u00e4nner haben vor, w\u00e4hrend und nach Konflikten verschiedenen Zugang zu Ressourcen, Macht und Entscheidungsfindung.<\/strong>&nbsp; Frauen tragen oft die Hauptlast des Konflikts, da viele M\u00e4nner rekrutiert werden, um im Krieg zu k\u00e4mpfen, w\u00e4hrend Frauen die Rolle des Hausherrn \u00fcbernehmen. Sie \u00fcbernehmen die Verantwortung des prim\u00e4ren Geldgebers, des Versorgers und der h\u00e4uslichen Pflege.&nbsp;<strong>Da sich das Kriegsgeschehen durch das Hinzutreten neuer Akteure st\u00e4ndig weiterentwickelt, werden sowohl die Gewalt gegen Frauen als auch ihre Rolle in dem Konflikt totgeschwiegen<\/strong>. Der Krieg zus\u00e4tzlich zu Covid-19 und all den anderen Problemen wie die Heuschrecken-Plage haben diese Probleme nur noch weiter verdeutlicht und versch\u00e4rft.<\/p>\n\n\n\n<p>Es liegen also noch&nbsp;<strong>gro\u00dfe H\u00fcrden vor uns<\/strong>, bevor der Frieden in Tigray, \u00c4thiopien erreicht ist, aber auch&nbsp;<strong>gro\u00dfe Hoffnung<\/strong>. Unser Einsatz gilt hier einer Welt, in der jede Frau und jedes M\u00e4dchen ein menschenw\u00fcrdiges Leben f\u00fchren kann und ihr Leben aus eigener Kraft und \u00dcberzeugung selbstbestimmt und w\u00fcrdevoll gestalten kann.<\/p>\n\n\n\n<p><strong>Ziel dieser Spende ist es deshalb, Frauen und Kinder eine wiederhergestellte Gesundheitsversorgung und den Zugang zu medizinischer Versorgung sowie einen gleichberechtigten Zugang zu Bildung zu erm\u00f6glichen.<br>&nbsp;<\/strong>Trotz&nbsp;<strong>desastr\u00f6ser Konsequenzen<\/strong>&nbsp;findet diese&nbsp;<strong>humanit\u00e4re Krise<\/strong>&nbsp;international kaum Beachtung.&nbsp;<strong>Hilfeleistungen<\/strong>&nbsp;f\u00fcr die angekommenen Gefl\u00fcchteten in das benachbarte Land Sudan, sowie den Betroffenen in Tigray sind daher&nbsp;<strong>dringend notwendig<\/strong>.<\/p>\n\n\n\n<p><strong>WIR BRAUCHEN DESHALB JETZT IHRE HILFE!&nbsp; JEDER EURO Z\u00c4HLT!<br><\/strong><br>Mit Ihrer Spende k\u00f6nnen Sie Gefl\u00fcchteten im Sudan und Betroffenen in Tigray lebensrettende Hilfe leisten:<br>Wir unterst\u00fctzen die Frauen und Kinder, indem wir die notwendigen Mittel f\u00fcr Hilfsg\u00fcter wie Binden, Medikamente, Lebensmittel und Kleidung sammeln, um sie zur\u00fcck nach Tigray zu schicken.<\/p>\n\n\n\n<p><strong>Zusammen mit unseren lokalen Partner*innen in Tigray m\u00f6chten wir Nothilfe leisten, um \u00dcberleben zu sichern.<br><\/strong><br>Mehr Informationen: <a href=\"http:\/\/tigray-frauenverein.de\/\">tigray-frauenverein.de<\/a><\/p>\n<\/div>\n<\/div>","protected":false},"excerpt":{"rendered":"<p>HUMANIT&Auml;RE KRISE IN TIGRAY, &Auml;THIOPIEN&nbsp;Im November 2020 brach in der Region&nbsp;Tigray in &Auml;thiopien&nbsp;ein Konflikt aus. Dieser entwickelte sich bald zu einem multidimensionalen Konflikt mit internationalen und nationalen Akteuren.&nbsp; Informieren und spenden: &lt;a href=&quot;\/en\/&amp;\/#39;https:\/\/www.betterplace.org\/de\/projects\/93456-humanitaere-krise-in-tigray-hilfe-fuer-frauen-und-kinder&amp;#39;&quot; target=&quot;&amp;#39;_blank&amp;#39;&quot;&gt;&bdquo;Humanit&auml;re Krise in Tigray: Hilfe f&uuml;r Frauen und Kinder&ldquo;&lt;\/a&gt; auf betterplace.org &ouml;ffnen. Frauen&nbsp;stehen seit&nbsp;Beginn des Konflikts an vorderster Front&nbsp;und sind in unverh&auml;ltnism&auml;&szlig;igem&hellip;&nbsp;<a href=\"https:\/\/tigrayunity.com\/en\/spenden\/\" class=\"\" rel=\"bookmark\">Read More &raquo;<span class=\"screen-reader-text\">Spenden<\/span><\/a><\/p>","protected":false},"author":2,"featured_media":0,"parent":0,"menu_order":0,"comment_status":"closed","ping_status":"closed","template":"","meta":{"_monsterinsights_skip_tracking":false,"_monsterinsights_sitenote_active":false,"_monsterinsights_sitenote_note":"","_monsterinsights_sitenote_category":0,"neve_meta_sidebar":"full-width","neve_meta_container":"","neve_meta_enable_content_width":"on","neve_meta_content_width":100,"neve_meta_title_alignment":"","neve_meta_author_avatar":"","neve_post_elements_order":"","neve_meta_disable_header":"","neve_meta_disable_footer":"","neve_meta_disable_title":"","_themeisle_gutenberg_block_has_review":false,"footnotes":""},"class_list":["post-516","page","type-page","status-publish","hentry"],"jetpack_sharing_enabled":true,"_links":{"self":[{"href":"https:\/\/tigrayunity.com\/en\/wp-json\/wp\/v2\/pages\/516","targetHints":{"allow":["GET"]}}],"collection":[{"href":"https:\/\/tigrayunity.com\/en\/wp-json\/wp\/v2\/pages"}],"about":[{"href":"https:\/\/tigrayunity.com\/en\/wp-json\/wp\/v2\/types\/page"}],"author":[{"embeddable":true,"href":"https:\/\/tigrayunity.com\/en\/wp-json\/wp\/v2\/users\/2"}],"replies":[{"embeddable":true,"href":"https:\/\/tigrayunity.com\/en\/wp-json\/wp\/v2\/comments?post=516"}],"version-history":[{"count":5,"href":"https:\/\/tigrayunity.com\/en\/wp-json\/wp\/v2\/pages\/516\/revisions"}],"predecessor-version":[{"id":3201,"href":"https:\/\/tigrayunity.com\/en\/wp-json\/wp\/v2\/pages\/516\/revisions\/3201"}],"wp:attachment":[{"href":"https:\/\/tigrayunity.com\/en\/wp-json\/wp\/v2\/media?parent=516"}],"curies":[{"name":"wp","href":"https:\/\/api.w.org\/{rel}","templated":true}]}}