{"id":609,"date":"2021-09-25T13:29:47","date_gmt":"2021-09-25T13:29:47","guid":{"rendered":"https:\/\/tigrayunity.com\/?page_id=609"},"modified":"2021-09-25T13:43:55","modified_gmt":"2021-09-25T13:43:55","slug":"oeffentliche-briefe","status":"publish","type":"page","link":"https:\/\/tigrayunity.com\/en\/oeffentliche-briefe\/","title":{"rendered":"Open Letters"},"content":{"rendered":"<div class=\"wp-block-themeisle-blocks-advanced-columns has-1-columns has-desktop-equal-layout has-tablet-equal-layout has-mobile-equal-layout has-default-gap has-vertical-unset\" id=\"wp-block-themeisle-blocks-advanced-columns-e391c657\"><div class=\"wp-block-themeisle-blocks-advanced-columns-overlay\"><\/div><div class=\"innerblocks-wrap\">\n<div class=\"wp-block-themeisle-blocks-advanced-column\" id=\"wp-block-themeisle-blocks-advanced-column-522209aa\">\n<h2 class=\"wp-block-heading\"><meta charset=\"utf-8\">\u00c4thiopische Menschenrechtskommission (EHRC)<meta charset=\"utf-8\"><\/h2>\n\n\n\n<blockquote class=\"wp-block-quote is-layout-flow wp-block-quote-is-layout-flow\"><p>Liebe Deutsche Afrika-Stiftung,<\/p><p><br>mit diesem Schreiben m\u00f6chten wir unsere Best\u00fcrzung und Besorgnis \u00fcber den j\u00fcngsten Preistr\u00e4ger des Deutschen Afrikapreises, Dr. Daniel Bekele, den Direktor der \u00e4thiopischen Menschenrechtskommission (EHRC), zum Ausdruck zu bringen.<br>Wie Ihre Stiftung zu Recht festgestellt hat, ist die EHRC wegen ihrer Rolle im laufenden Tigray-Krieg in die Kritik geraten. Der brutale Krieg, der seit dem 4. November 2020 von der \u00e4thiopischen Regierung und ihren Verb\u00fcndeten (insbesondere der Regierung von Eritrea und Kr\u00e4ften aus der benachbarten Amhara-Region) gegen Tigray gef\u00fchrt wird, ist ein V\u00f6lkermord an der tigrayischen Bev\u00f6lkerung. Dazu geh\u00f6ren wahllose T\u00f6tungen von Zivilisten, systematische Vergewaltigungen von Frauen und M\u00e4dchen mit Waffengewalt, ethnische S\u00e4uberungen, k\u00fcnstlich herbeigef\u00fchrte Hungersn\u00f6te, die absichtliche Unterbrechung der Wasser- und Stromversorgung und anderer lebenswichtiger Dienste sowie die Pl\u00fcnderung und Zerst\u00f6rung von Gesundheits- und Bildungseinrichtungen. Die Auswirkungen des Krieges haben die Region verw\u00fcstet. Hilfsorganisationen berichten, dass derzeit 5,5 Millionen Menschen (mehr als 90 % der Bev\u00f6lkerung) sofort Nahrungsmittelhilfe ben\u00f6tigen. 400.000 Menschen stehen am Rande einer Hungersnot, darunter \u00fcber 100.000 Kinder in Tigray, die an Hunger sterben werden, wenn sie nicht sofortige Hilfe erhalten. In der Zwischenzeit blockiert die \u00e4thiopische Bundesregierung weiterhin den Zugang zu Tigray und internationale Organisationen k\u00f6nnen die betroffene Bev\u00f6lkerung nicht frei erreichen.<\/p><cite><a href=\"https:\/\/tigrayunity.com\/en\/ethiopian-human-rights-commission\/\" data-type=\"page\" data-id=\"614\">Read the full letter here.<\/a><\/cite><\/blockquote>\n\n\n\n<p><\/p>\n\n\n\n<h2 class=\"wp-block-heading\">UN Petition<\/h2>\n\n\n\n<blockquote class=\"wp-block-quote is-layout-flow wp-block-quote-is-layout-flow\"><p><strong>Aufruf zur R\u00fccknahme des Entscheids der Vereinten Nationen, die Untersuchung von Kriegsverbrechen in Tigray gemeinsam mit der \u00e4thiopischen Menschenrechtskommission durchzuf\u00fchren&nbsp;<\/strong><\/p><p>Mit dieser Petition reagieren wir, deutsche B\u00fcrger und B\u00fcrgerinnen mit tigrayischen Hintergrund auf die j\u00fcngsten Entwicklungen bez\u00fcglich einer internationalen Untersuchung zu Verletzungen des internationalen Menschenrechts, Kriegsverbrechen, Verbrechen gegen die Menschlichkeit und V\u00f6lkermord in der Region Tigray. Wir sind besorgt \u00fcber die Reaktion der UNO- Hochkommissarin f\u00fcr Menschenrechte, Frau Bachelet, eine gemeinsame Untersuchung mit der staatlich gef\u00fchrten \u00e4thiopischen Menschenrechtskommission (EHRC) zu begr\u00fc\u00dfen. Eine solche Zusammenarbeit verst\u00f6\u00dft gegen grundlegende internationale Anforderungen und Richtlinien, da die EHRC nicht die grundlegenden Kriterien erf\u00fcllt, um solche Untersuchungen fair durchzuf\u00fchren.<\/p><cite><a href=\"https:\/\/tigrayunity.com\/en\/un-petition\/\" data-type=\"page\" data-id=\"308\">Zum vollst\u00e4ndigen Brief.<\/a><\/cite><\/blockquote>\n<\/div>\n<\/div><\/div>\n\n\n\n<p><\/p>","protected":false},"excerpt":{"rendered":"","protected":false},"author":2,"featured_media":0,"parent":0,"menu_order":0,"comment_status":"closed","ping_status":"closed","template":"","meta":{"_monsterinsights_skip_tracking":false,"_monsterinsights_sitenote_active":false,"_monsterinsights_sitenote_note":"","_monsterinsights_sitenote_category":0,"neve_meta_sidebar":"full-width","neve_meta_container":"","neve_meta_enable_content_width":"on","neve_meta_content_width":100,"neve_meta_title_alignment":"","neve_meta_author_avatar":"","neve_post_elements_order":"","neve_meta_disable_header":"","neve_meta_disable_footer":"","neve_meta_disable_title":"","_themeisle_gutenberg_block_has_review":false,"footnotes":""},"class_list":["post-609","page","type-page","status-publish","hentry"],"jetpack_sharing_enabled":true,"_links":{"self":[{"href":"https:\/\/tigrayunity.com\/en\/wp-json\/wp\/v2\/pages\/609","targetHints":{"allow":["GET"]}}],"collection":[{"href":"https:\/\/tigrayunity.com\/en\/wp-json\/wp\/v2\/pages"}],"about":[{"href":"https:\/\/tigrayunity.com\/en\/wp-json\/wp\/v2\/types\/page"}],"author":[{"embeddable":true,"href":"https:\/\/tigrayunity.com\/en\/wp-json\/wp\/v2\/users\/2"}],"replies":[{"embeddable":true,"href":"https:\/\/tigrayunity.com\/en\/wp-json\/wp\/v2\/comments?post=609"}],"version-history":[{"count":4,"href":"https:\/\/tigrayunity.com\/en\/wp-json\/wp\/v2\/pages\/609\/revisions"}],"predecessor-version":[{"id":619,"href":"https:\/\/tigrayunity.com\/en\/wp-json\/wp\/v2\/pages\/609\/revisions\/619"}],"wp:attachment":[{"href":"https:\/\/tigrayunity.com\/en\/wp-json\/wp\/v2\/media?parent=609"}],"curies":[{"name":"wp","href":"https:\/\/api.w.org\/{rel}","templated":true}]}}